{"id":73750,"date":"2024-01-11T12:17:06","date_gmt":"2024-01-11T09:17:06","guid":{"rendered":"https:\/\/www.sohag-univ.edu.eg\/ar\/?page_id=73750"},"modified":"2024-07-07T11:02:27","modified_gmt":"2024-07-07T08:02:27","slug":"elementor-73750","status":"publish","type":"page","link":"https:\/\/www.sohag-univ.edu.eg\/ar\/elementor-73750\/","title":{"rendered":"Secteur des affaires environnementales et du service communautaire"},"content":{"rendered":"\t\t<div data-elementor-type=\"wp-page\" data-elementor-id=\"73750\" class=\"elementor elementor-73750\">\n\t\t\t\t\t\t<section class=\"elementor-section elementor-top-section elementor-element elementor-element-cf0259a elementor-section-boxed elementor-section-height-default elementor-section-height-default\" data-id=\"cf0259a\" data-element_type=\"section\" data-e-type=\"section\">\n\t\t\t\t\t\t<div class=\"elementor-container elementor-column-gap-default\">\n\t\t\t\t\t<div class=\"elementor-column elementor-col-100 elementor-top-column elementor-element elementor-element-5130fb0\" data-id=\"5130fb0\" data-element_type=\"column\" data-e-type=\"column\">\n\t\t\t<div class=\"elementor-widget-wrap elementor-element-populated\">\n\t\t\t\t\t\t<div class=\"elementor-element elementor-element-303029a elementor-invisible elementor-widget elementor-widget-text-editor\" data-id=\"303029a\" data-element_type=\"widget\" data-e-type=\"widget\" data-settings=\"{&quot;_animation&quot;:&quot;headShake&quot;}\" data-widget_type=\"text-editor.default\">\n\t\t\t\t<div class=\"elementor-widget-container\">\n\t\t\t\t\t\t\t\t\t<h4 style=\"text-align: left;\"><strong><span style=\"color: #000000;\">Vice-pr\u00e9sident de l&#8217;universit\u00e9 des affaires environnementales et du service communautaire<\/span><\/strong><\/h4>\n<h4 style=\"text-align: center;\"><strong><span style=\"color: #000000;\"> prof.dr Khaled Abdel Latif Mohamed Omran<\/span><\/strong><\/h4>\t\t\t\t\t\t\t\t<\/div>\n\t\t\t\t<\/div>\n\t\t\t\t\t<\/div>\n\t\t<\/div>\n\t\t\t\t\t<\/div>\n\t\t<\/section>\n\t\t\t\t<section class=\"elementor-section elementor-top-section elementor-element elementor-element-c1e0335 elementor-section-boxed elementor-section-height-default elementor-section-height-default\" data-id=\"c1e0335\" data-element_type=\"section\" data-e-type=\"section\">\n\t\t\t\t\t\t<div class=\"elementor-container elementor-column-gap-default\">\n\t\t\t\t\t<div class=\"elementor-column elementor-col-100 elementor-top-column elementor-element elementor-element-bdbfab9\" data-id=\"bdbfab9\" data-element_type=\"column\" data-e-type=\"column\">\n\t\t\t<div class=\"elementor-widget-wrap elementor-element-populated\">\n\t\t\t\t\t\t<div class=\"elementor-element elementor-element-03187cb elementor-widget elementor-widget-spacer\" data-id=\"03187cb\" data-element_type=\"widget\" data-e-type=\"widget\" data-widget_type=\"spacer.default\">\n\t\t\t\t<div class=\"elementor-widget-container\">\n\t\t\t\t\t\t\t<div class=\"elementor-spacer\">\n\t\t\t<div class=\"elementor-spacer-inner\"><\/div>\n\t\t<\/div>\n\t\t\t\t\t\t<\/div>\n\t\t\t\t<\/div>\n\t\t\t\t\t<\/div>\n\t\t<\/div>\n\t\t\t\t\t<\/div>\n\t\t<\/section>\n\t\t\t\t<section class=\"elementor-section elementor-top-section elementor-element elementor-element-6fc5723 elementor-section-boxed elementor-section-height-default elementor-section-height-default\" data-id=\"6fc5723\" data-element_type=\"section\" data-e-type=\"section\">\n\t\t\t\t\t\t<div class=\"elementor-container elementor-column-gap-default\">\n\t\t\t\t\t<div class=\"elementor-column elementor-col-66 elementor-top-column elementor-element elementor-element-f7b45c8\" data-id=\"f7b45c8\" data-element_type=\"column\" data-e-type=\"column\">\n\t\t\t<div class=\"elementor-widget-wrap elementor-element-populated\">\n\t\t\t\t\t\t<div class=\"elementor-element elementor-element-e0afdcf elementor-invisible elementor-widget elementor-widget-text-editor\" data-id=\"e0afdcf\" data-element_type=\"widget\" data-e-type=\"widget\" data-settings=\"{&quot;_animation&quot;:&quot;headShake&quot;}\" data-widget_type=\"text-editor.default\">\n\t\t\t\t<div class=\"elementor-widget-container\">\n\t\t\t\t\t\t\t\t\t<p style=\"text-align: left;\"><span style=\"color: #000000;\"><strong>Le r\u00f4le principal de l&#8217;universit\u00e9 est de fournir une \u00e9ducation de qualit\u00e9, de mener des recherches scientifiques et de contribuer au service de la communaut\u00e9<\/strong><\/span><\/p>\n<p style=\"text-align: left;\"><span style=\"color: #000000;\"><strong> Le secteur des services communautaires et du d\u00e9veloppement environnemental permet de concr\u00e9tiser les r\u00e9sultats issus des secteurs de l&#8217;\u00e9ducation, des \u00e9tudiants, des \u00e9tudes sup\u00e9rieures et de la recherche scientifique<\/strong><\/span><\/p>\n<p style=\"text-align: left;\"><span style=\"color: #000000;\"><strong>Ces r\u00e9sultats de recherche peuvent \u00eatre utilis\u00e9s pour servir la communaut\u00e9 environnante de l&#8217;universit\u00e9 et mobiliser les comp\u00e9tences et les ressources disponibles<\/strong><\/span><\/p>\n<p style=\"text-align: left;\"><span style=\"color: #000000;\"><strong> Les id\u00e9es des \u00e9tudiants visent \u00e0 progresser dans les communaut\u00e9s locales, r\u00e9gionales et internationales. Le service communautaire \u00e0 travers l&#8217;enseignement universitaire est repr\u00e9sent\u00e9 par les efforts individuels, collectifs et organisationnels visant \u00e0 am\u00e9liorer les conditions sociales, \u00e9conomiques ou politiques.<\/strong><\/span><\/p>\n<p>\u00a0<\/p>\t\t\t\t\t\t\t\t<\/div>\n\t\t\t\t<\/div>\n\t\t\t\t\t<\/div>\n\t\t<\/div>\n\t\t\t\t<div class=\"elementor-column elementor-col-33 elementor-top-column elementor-element elementor-element-bc84fb5\" data-id=\"bc84fb5\" data-element_type=\"column\" data-e-type=\"column\">\n\t\t\t<div class=\"elementor-widget-wrap elementor-element-populated\">\n\t\t\t\t\t\t<div class=\"elementor-element elementor-element-f3c7a83 elementor-invisible elementor-widget elementor-widget-image\" data-id=\"f3c7a83\" data-element_type=\"widget\" data-e-type=\"widget\" data-settings=\"{&quot;_animation&quot;:&quot;headShake&quot;}\" data-widget_type=\"image.default\">\n\t\t\t\t<div class=\"elementor-widget-container\">\n\t\t\t\t\t\t\t\t\t\t\t\t\t\t\t<img fetchpriority=\"high\" decoding=\"async\" width=\"600\" height=\"900\" src=\"https:\/\/www.sohag-univ.edu.eg\/ar\/wp-content\/uploads\/2024\/07\/dr.khaled.jpg\" class=\"attachment-large size-large wp-image-83363\" alt=\"\" srcset=\"https:\/\/www.sohag-univ.edu.eg\/ar\/wp-content\/uploads\/2024\/07\/dr.khaled.jpg 600w, https:\/\/www.sohag-univ.edu.eg\/ar\/wp-content\/uploads\/2024\/07\/dr.khaled-200x300.jpg 200w\" sizes=\"(max-width: 600px) 100vw, 600px\" \/>\t\t\t\t\t\t\t\t\t\t\t\t\t\t\t<\/div>\n\t\t\t\t<\/div>\n\t\t\t\t\t<\/div>\n\t\t<\/div>\n\t\t\t\t\t<\/div>\n\t\t<\/section>\n\t\t\t\t<section class=\"elementor-section elementor-top-section elementor-element elementor-element-afee706 elementor-section-boxed elementor-section-height-default elementor-section-height-default\" data-id=\"afee706\" data-element_type=\"section\" data-e-type=\"section\">\n\t\t\t\t\t\t<div class=\"elementor-container elementor-column-gap-default\">\n\t\t\t\t\t<div class=\"elementor-column elementor-col-100 elementor-top-column elementor-element elementor-element-1e902d6\" data-id=\"1e902d6\" data-element_type=\"column\" data-e-type=\"column\">\n\t\t\t<div class=\"elementor-widget-wrap elementor-element-populated\">\n\t\t\t\t\t\t<div class=\"elementor-element elementor-element-3014c01 elementor-widget elementor-widget-spacer\" data-id=\"3014c01\" data-element_type=\"widget\" data-e-type=\"widget\" data-widget_type=\"spacer.default\">\n\t\t\t\t<div class=\"elementor-widget-container\">\n\t\t\t\t\t\t\t<div class=\"elementor-spacer\">\n\t\t\t<div class=\"elementor-spacer-inner\"><\/div>\n\t\t<\/div>\n\t\t\t\t\t\t<\/div>\n\t\t\t\t<\/div>\n\t\t\t\t\t<\/div>\n\t\t<\/div>\n\t\t\t\t\t<\/div>\n\t\t<\/section>\n\t\t\t\t<\/div>\n\t\t","protected":false},"excerpt":{"rendered":"<p>Vice-pr\u00e9sident de l&#8217;universit\u00e9 des affaires environnementales et du service communautaire prof.dr Khaled Abdel Latif Mohamed Omran Le r\u00f4le principal de l&#8217;universit\u00e9 est de fournir une \u00e9ducation de qualit\u00e9, de mener des recherches scientifiques et de contribuer au service de la communaut\u00e9 Le secteur des services communautaires et du d\u00e9veloppement environnemental permet de concr\u00e9tiser les r\u00e9sultats [&hellip;]<\/p>\n","protected":false},"author":9,"featured_media":0,"parent":0,"menu_order":0,"comment_status":"closed","ping_status":"closed","template":"","meta":{"footnotes":""},"class_list":["post-73750","page","type-page","status-publish","hentry"],"yoast_head":"<!-- This site is optimized with the Yoast SEO plugin v27.6 - https:\/\/yoast.com\/product\/yoast-seo-wordpress\/ -->\n<title>Secteur des affaires environnementales et du service communautaire - Universit\u00e9 Sohag<\/title>\n<meta name=\"robots\" content=\"index, follow, max-snippet:-1, max-image-preview:large, max-video-preview:-1\" \/>\n<link rel=\"canonical\" href=\"https:\/\/www.sohag-univ.edu.eg\/ar\/elementor-73750\/\" \/>\n<meta property=\"og:locale\" content=\"ar_AR\" \/>\n<meta property=\"og:type\" content=\"article\" \/>\n<meta property=\"og:title\" content=\"Secteur des affaires environnementales et du service communautaire - Universit\u00e9 Sohag\" \/>\n<meta property=\"og:description\" content=\"Vice-pr\u00e9sident de l&#8217;universit\u00e9 des affaires environnementales et du service communautaire prof.dr Khaled Abdel Latif Mohamed Omran Le r\u00f4le principal de l&#8217;universit\u00e9 est de fournir une \u00e9ducation de qualit\u00e9, de mener des recherches scientifiques et de contribuer au service de la communaut\u00e9 Le secteur des services communautaires et du d\u00e9veloppement environnemental permet de concr\u00e9tiser les r\u00e9sultats [&hellip;]\" \/>\n<meta property=\"og:url\" content=\"https:\/\/www.sohag-univ.edu.eg\/ar\/elementor-73750\/\" \/>\n<meta property=\"og:site_name\" content=\"Universit\u00e9 Sohag\" \/>\n<meta property=\"article:publisher\" content=\"https:\/\/www.facebook.com\/sou.univ\" \/>\n<meta property=\"article:modified_time\" content=\"2024-07-07T08:02:27+00:00\" \/>\n<meta property=\"og:image\" content=\"https:\/\/www.sohag-univ.edu.eg\/ar\/wp-content\/uploads\/2024\/07\/dr.khaled.jpg\" \/>\n<meta name=\"twitter:card\" content=\"summary_large_image\" \/>\n<meta name=\"twitter:site\" content=\"@sohaguniversity\" \/>\n<meta name=\"twitter:label1\" content=\"\u0648\u0642\u062a \u0627\u0644\u0642\u0631\u0627\u0621\u0629 \u0627\u0644\u0645\u064f\u0642\u062f\u0651\u0631\" \/>\n\t<meta name=\"twitter:data1\" content=\"\u062f\u0642\u064a\u0642\u062a\u0627\u0646\" \/>\n<script type=\"application\/ld+json\" class=\"yoast-schema-graph\">{\"@context\":\"https:\\\/\\\/schema.org\",\"@graph\":[{\"@type\":\"WebPage\",\"@id\":\"https:\\\/\\\/www.sohag-univ.edu.eg\\\/ar\\\/elementor-73750\\\/\",\"url\":\"https:\\\/\\\/www.sohag-univ.edu.eg\\\/ar\\\/elementor-73750\\\/\",\"name\":\"Secteur des affaires environnementales et du service communautaire - Universit\u00e9 Sohag\",\"isPartOf\":{\"@id\":\"https:\\\/\\\/www.sohag-univ.edu.eg\\\/ar\\\/#website\"},\"primaryImageOfPage\":{\"@id\":\"https:\\\/\\\/www.sohag-univ.edu.eg\\\/ar\\\/elementor-73750\\\/#primaryimage\"},\"image\":{\"@id\":\"https:\\\/\\\/www.sohag-univ.edu.eg\\\/ar\\\/elementor-73750\\\/#primaryimage\"},\"thumbnailUrl\":\"https:\\\/\\\/www.sohag-univ.edu.eg\\\/ar\\\/wp-content\\\/uploads\\\/2024\\\/07\\\/dr.khaled.jpg\",\"datePublished\":\"2024-01-11T09:17:06+00:00\",\"dateModified\":\"2024-07-07T08:02:27+00:00\",\"breadcrumb\":{\"@id\":\"https:\\\/\\\/www.sohag-univ.edu.eg\\\/ar\\\/elementor-73750\\\/#breadcrumb\"},\"inLanguage\":\"ar\",\"potentialAction\":[{\"@type\":\"ReadAction\",\"target\":[\"https:\\\/\\\/www.sohag-univ.edu.eg\\\/ar\\\/elementor-73750\\\/\"]}]},{\"@type\":\"ImageObject\",\"inLanguage\":\"ar\",\"@id\":\"https:\\\/\\\/www.sohag-univ.edu.eg\\\/ar\\\/elementor-73750\\\/#primaryimage\",\"url\":\"https:\\\/\\\/www.sohag-univ.edu.eg\\\/ar\\\/wp-content\\\/uploads\\\/2024\\\/07\\\/dr.khaled.jpg\",\"contentUrl\":\"https:\\\/\\\/www.sohag-univ.edu.eg\\\/ar\\\/wp-content\\\/uploads\\\/2024\\\/07\\\/dr.khaled.jpg\",\"width\":600,\"height\":900},{\"@type\":\"BreadcrumbList\",\"@id\":\"https:\\\/\\\/www.sohag-univ.edu.eg\\\/ar\\\/elementor-73750\\\/#breadcrumb\",\"itemListElement\":[{\"@type\":\"ListItem\",\"position\":1,\"name\":\"\u0627\u0644\u0631\u0626\u064a\u0633\u064a\u0629\",\"item\":\"https:\\\/\\\/www.sohag-univ.edu.eg\\\/ar\\\/home\\\/\"},{\"@type\":\"ListItem\",\"position\":2,\"name\":\"Secteur des affaires environnementales et du service communautaire\"}]},{\"@type\":\"WebSite\",\"@id\":\"https:\\\/\\\/www.sohag-univ.edu.eg\\\/ar\\\/#website\",\"url\":\"https:\\\/\\\/www.sohag-univ.edu.eg\\\/ar\\\/\",\"name\":\"\u062c\u0627\u0645\u0639\u0629 \u0633\u0648\u0647\u0627\u062c\",\"description\":\"portail \u00e9lectronique\",\"publisher\":{\"@id\":\"https:\\\/\\\/www.sohag-univ.edu.eg\\\/ar\\\/#organization\"},\"potentialAction\":[{\"@type\":\"SearchAction\",\"target\":{\"@type\":\"EntryPoint\",\"urlTemplate\":\"https:\\\/\\\/www.sohag-univ.edu.eg\\\/ar\\\/?s={search_term_string}\"},\"query-input\":{\"@type\":\"PropertyValueSpecification\",\"valueRequired\":true,\"valueName\":\"search_term_string\"}}],\"inLanguage\":\"ar\"},{\"@type\":\"Organization\",\"@id\":\"https:\\\/\\\/www.sohag-univ.edu.eg\\\/ar\\\/#organization\",\"name\":\"\u062c\u0627\u0645\u0639\u0629 \u0633\u0648\u0647\u0627\u062c\",\"url\":\"https:\\\/\\\/www.sohag-univ.edu.eg\\\/ar\\\/\",\"logo\":{\"@type\":\"ImageObject\",\"inLanguage\":\"ar\",\"@id\":\"https:\\\/\\\/www.sohag-univ.edu.eg\\\/ar\\\/#\\\/schema\\\/logo\\\/image\\\/\",\"url\":\"https:\\\/\\\/www.sohag-univ.edu.eg\\\/ar\\\/wp-content\\\/uploads\\\/2021\\\/08\\\/logo.png\",\"contentUrl\":\"https:\\\/\\\/www.sohag-univ.edu.eg\\\/ar\\\/wp-content\\\/uploads\\\/2021\\\/08\\\/logo.png\",\"width\":281,\"height\":90,\"caption\":\"\u062c\u0627\u0645\u0639\u0629 \u0633\u0648\u0647\u0627\u062c\"},\"image\":{\"@id\":\"https:\\\/\\\/www.sohag-univ.edu.eg\\\/ar\\\/#\\\/schema\\\/logo\\\/image\\\/\"},\"sameAs\":[\"https:\\\/\\\/www.facebook.com\\\/sou.univ\",\"https:\\\/\\\/x.com\\\/sohaguniversity\"]}]}<\/script>\n<!-- \/ Yoast SEO plugin. -->","yoast_head_json":{"title":"Secteur des affaires environnementales et du service communautaire - Universit\u00e9 Sohag","robots":{"index":"index","follow":"follow","max-snippet":"max-snippet:-1","max-image-preview":"max-image-preview:large","max-video-preview":"max-video-preview:-1"},"canonical":"https:\/\/www.sohag-univ.edu.eg\/ar\/elementor-73750\/","og_locale":"ar_AR","og_type":"article","og_title":"Secteur des affaires environnementales et du service communautaire - Universit\u00e9 Sohag","og_description":"Vice-pr\u00e9sident de l&#8217;universit\u00e9 des affaires environnementales et du service communautaire prof.dr Khaled Abdel Latif Mohamed Omran Le r\u00f4le principal de l&#8217;universit\u00e9 est de fournir une \u00e9ducation de qualit\u00e9, de mener des recherches scientifiques et de contribuer au service de la communaut\u00e9 Le secteur des services communautaires et du d\u00e9veloppement environnemental permet de concr\u00e9tiser les r\u00e9sultats [&hellip;]","og_url":"https:\/\/www.sohag-univ.edu.eg\/ar\/elementor-73750\/","og_site_name":"Universit\u00e9 Sohag","article_publisher":"https:\/\/www.facebook.com\/sou.univ","article_modified_time":"2024-07-07T08:02:27+00:00","og_image":[{"url":"https:\/\/www.sohag-univ.edu.eg\/ar\/wp-content\/uploads\/2024\/07\/dr.khaled.jpg","type":"","width":"","height":""}],"twitter_card":"summary_large_image","twitter_site":"@sohaguniversity","twitter_misc":{"\u0648\u0642\u062a \u0627\u0644\u0642\u0631\u0627\u0621\u0629 \u0627\u0644\u0645\u064f\u0642\u062f\u0651\u0631":"\u062f\u0642\u064a\u0642\u062a\u0627\u0646"},"schema":{"@context":"https:\/\/schema.org","@graph":[{"@type":"WebPage","@id":"https:\/\/www.sohag-univ.edu.eg\/ar\/elementor-73750\/","url":"https:\/\/www.sohag-univ.edu.eg\/ar\/elementor-73750\/","name":"Secteur des affaires environnementales et du service communautaire - Universit\u00e9 Sohag","isPartOf":{"@id":"https:\/\/www.sohag-univ.edu.eg\/ar\/#website"},"primaryImageOfPage":{"@id":"https:\/\/www.sohag-univ.edu.eg\/ar\/elementor-73750\/#primaryimage"},"image":{"@id":"https:\/\/www.sohag-univ.edu.eg\/ar\/elementor-73750\/#primaryimage"},"thumbnailUrl":"https:\/\/www.sohag-univ.edu.eg\/ar\/wp-content\/uploads\/2024\/07\/dr.khaled.jpg","datePublished":"2024-01-11T09:17:06+00:00","dateModified":"2024-07-07T08:02:27+00:00","breadcrumb":{"@id":"https:\/\/www.sohag-univ.edu.eg\/ar\/elementor-73750\/#breadcrumb"},"inLanguage":"ar","potentialAction":[{"@type":"ReadAction","target":["https:\/\/www.sohag-univ.edu.eg\/ar\/elementor-73750\/"]}]},{"@type":"ImageObject","inLanguage":"ar","@id":"https:\/\/www.sohag-univ.edu.eg\/ar\/elementor-73750\/#primaryimage","url":"https:\/\/www.sohag-univ.edu.eg\/ar\/wp-content\/uploads\/2024\/07\/dr.khaled.jpg","contentUrl":"https:\/\/www.sohag-univ.edu.eg\/ar\/wp-content\/uploads\/2024\/07\/dr.khaled.jpg","width":600,"height":900},{"@type":"BreadcrumbList","@id":"https:\/\/www.sohag-univ.edu.eg\/ar\/elementor-73750\/#breadcrumb","itemListElement":[{"@type":"ListItem","position":1,"name":"\u0627\u0644\u0631\u0626\u064a\u0633\u064a\u0629","item":"https:\/\/www.sohag-univ.edu.eg\/ar\/home\/"},{"@type":"ListItem","position":2,"name":"Secteur des affaires environnementales et du service communautaire"}]},{"@type":"WebSite","@id":"https:\/\/www.sohag-univ.edu.eg\/ar\/#website","url":"https:\/\/www.sohag-univ.edu.eg\/ar\/","name":"\u062c\u0627\u0645\u0639\u0629 \u0633\u0648\u0647\u0627\u062c","description":"portail \u00e9lectronique","publisher":{"@id":"https:\/\/www.sohag-univ.edu.eg\/ar\/#organization"},"potentialAction":[{"@type":"SearchAction","target":{"@type":"EntryPoint","urlTemplate":"https:\/\/www.sohag-univ.edu.eg\/ar\/?s={search_term_string}"},"query-input":{"@type":"PropertyValueSpecification","valueRequired":true,"valueName":"search_term_string"}}],"inLanguage":"ar"},{"@type":"Organization","@id":"https:\/\/www.sohag-univ.edu.eg\/ar\/#organization","name":"\u062c\u0627\u0645\u0639\u0629 \u0633\u0648\u0647\u0627\u062c","url":"https:\/\/www.sohag-univ.edu.eg\/ar\/","logo":{"@type":"ImageObject","inLanguage":"ar","@id":"https:\/\/www.sohag-univ.edu.eg\/ar\/#\/schema\/logo\/image\/","url":"https:\/\/www.sohag-univ.edu.eg\/ar\/wp-content\/uploads\/2021\/08\/logo.png","contentUrl":"https:\/\/www.sohag-univ.edu.eg\/ar\/wp-content\/uploads\/2021\/08\/logo.png","width":281,"height":90,"caption":"\u062c\u0627\u0645\u0639\u0629 \u0633\u0648\u0647\u0627\u062c"},"image":{"@id":"https:\/\/www.sohag-univ.edu.eg\/ar\/#\/schema\/logo\/image\/"},"sameAs":["https:\/\/www.facebook.com\/sou.univ","https:\/\/x.com\/sohaguniversity"]}]}},"_links":{"self":[{"href":"https:\/\/www.sohag-univ.edu.eg\/ar\/wp-json\/wp\/v2\/pages\/73750","targetHints":{"allow":["GET"]}}],"collection":[{"href":"https:\/\/www.sohag-univ.edu.eg\/ar\/wp-json\/wp\/v2\/pages"}],"about":[{"href":"https:\/\/www.sohag-univ.edu.eg\/ar\/wp-json\/wp\/v2\/types\/page"}],"author":[{"embeddable":true,"href":"https:\/\/www.sohag-univ.edu.eg\/ar\/wp-json\/wp\/v2\/users\/9"}],"replies":[{"embeddable":true,"href":"https:\/\/www.sohag-univ.edu.eg\/ar\/wp-json\/wp\/v2\/comments?post=73750"}],"version-history":[{"count":11,"href":"https:\/\/www.sohag-univ.edu.eg\/ar\/wp-json\/wp\/v2\/pages\/73750\/revisions"}],"predecessor-version":[{"id":83386,"href":"https:\/\/www.sohag-univ.edu.eg\/ar\/wp-json\/wp\/v2\/pages\/73750\/revisions\/83386"}],"wp:attachment":[{"href":"https:\/\/www.sohag-univ.edu.eg\/ar\/wp-json\/wp\/v2\/media?parent=73750"}],"curies":[{"name":"wp","href":"https:\/\/api.w.org\/{rel}","templated":true}]}}