{"id":73737,"date":"2024-01-11T11:59:16","date_gmt":"2024-01-11T08:59:16","guid":{"rendered":"https:\/\/www.sohag-univ.edu.eg\/ar\/?page_id=73737"},"modified":"2024-05-21T12:37:56","modified_gmt":"2024-05-21T09:37:56","slug":"secteur-administratif-du-recteur-de-luniversite","status":"publish","type":"page","link":"https:\/\/www.sohag-univ.edu.eg\/ar\/secteur-administratif-du-recteur-de-luniversite\/","title":{"rendered":"Secteur administratif du recteur de l&#8217;universit\u00e9"},"content":{"rendered":"\t\t<div data-elementor-type=\"wp-page\" data-elementor-id=\"73737\" class=\"elementor elementor-73737\">\n\t\t\t\t\t\t<section class=\"elementor-section elementor-top-section elementor-element elementor-element-107bb26 elementor-section-boxed elementor-section-height-default elementor-section-height-default\" data-id=\"107bb26\" data-element_type=\"section\" data-e-type=\"section\" data-settings=\"{&quot;background_background&quot;:&quot;slideshow&quot;,&quot;background_slideshow_gallery&quot;:[],&quot;background_slideshow_loop&quot;:&quot;yes&quot;,&quot;background_slideshow_slide_duration&quot;:5000,&quot;background_slideshow_slide_transition&quot;:&quot;fade&quot;,&quot;background_slideshow_transition_duration&quot;:500}\">\n\t\t\t\t\t\t<div class=\"elementor-container elementor-column-gap-default\">\n\t\t\t\t\t<div class=\"elementor-column elementor-col-33 elementor-top-column elementor-element elementor-element-6aeb05d elementor-invisible\" data-id=\"6aeb05d\" data-element_type=\"column\" data-e-type=\"column\" data-settings=\"{&quot;background_background&quot;:&quot;classic&quot;,&quot;animation&quot;:&quot;pulse&quot;}\">\n\t\t\t<div class=\"elementor-widget-wrap elementor-element-populated\">\n\t\t\t\t\t\t<div class=\"elementor-element elementor-element-52f34c5 elementor-widget elementor-widget-image\" data-id=\"52f34c5\" data-element_type=\"widget\" data-e-type=\"widget\" data-widget_type=\"image.default\">\n\t\t\t\t<div class=\"elementor-widget-container\">\n\t\t\t\t\t\t\t\t\t\t\t\t\t\t\t<img fetchpriority=\"high\" decoding=\"async\" width=\"300\" height=\"300\" src=\"https:\/\/www.sohag-univ.edu.eg\/ar\/wp-content\/uploads\/2024\/05\/FB_IMG_16908230326526641-300x300-1.jpg\" class=\"elementor-animation-push attachment-1536x1536 size-1536x1536 wp-image-80538\" alt=\"\" srcset=\"https:\/\/www.sohag-univ.edu.eg\/ar\/wp-content\/uploads\/2024\/05\/FB_IMG_16908230326526641-300x300-1.jpg 300w, https:\/\/www.sohag-univ.edu.eg\/ar\/wp-content\/uploads\/2024\/05\/FB_IMG_16908230326526641-300x300-1-150x150.jpg 150w\" sizes=\"(max-width: 300px) 100vw, 300px\" \/>\t\t\t\t\t\t\t\t\t\t\t\t\t\t\t<\/div>\n\t\t\t\t<\/div>\n\t\t\t\t\t<\/div>\n\t\t<\/div>\n\t\t\t\t<div class=\"elementor-column elementor-col-66 elementor-top-column elementor-element elementor-element-3e1d060 elementor-invisible\" data-id=\"3e1d060\" data-element_type=\"column\" data-e-type=\"column\" data-settings=\"{&quot;background_background&quot;:&quot;classic&quot;,&quot;animation&quot;:&quot;bounce&quot;}\">\n\t\t\t<div class=\"elementor-widget-wrap elementor-element-populated\">\n\t\t\t\t\t\t<div class=\"elementor-element elementor-element-06e1c0d animated-slow elementor-invisible elementor-widget elementor-widget-text-editor\" data-id=\"06e1c0d\" data-element_type=\"widget\" data-e-type=\"widget\" data-settings=\"{&quot;_animation&quot;:&quot;pulse&quot;}\" data-widget_type=\"text-editor.default\">\n\t\t\t\t<div class=\"elementor-widget-container\">\n\t\t\t\t\t\t\t\t\t<h3 dir=\"ltr\">Bureau du recteur de l&#8217;universit\u00e9 Recteur de l&#8217;universit\u00e9:<\/h3>\n<h3 dir=\"ltr\" style=\"text-align: center;\"><strong>prof.dr. Hassan Hamdi Abdel Rahman Noman<\/strong><\/h3>\n<h3 dir=\"ltr\" style=\"text-align: center;\"><strong>Secteur administratif du recteur de l&#8217;universit\u00e9<\/strong><\/h3>\t\t\t\t\t\t\t\t<\/div>\n\t\t\t\t<\/div>\n\t\t\t\t<div class=\"elementor-element elementor-element-32f2463 elementor-widget elementor-widget-text-editor\" data-id=\"32f2463\" data-element_type=\"widget\" data-e-type=\"widget\" data-widget_type=\"text-editor.default\">\n\t\t\t\t<div class=\"elementor-widget-container\">\n\t\t\t\t\t\t\t\t\t<h4 dir=\"ltr\"><strong>L&#8217;administration g\u00e9n\u00e9rale des affaires du recteur de l\u2019universit\u00e9 comprend les d\u00e9partements suivants :<\/strong><\/h4>\t\t\t\t\t\t\t\t<\/div>\n\t\t\t\t<\/div>\n\t\t\t\t<div class=\"elementor-element elementor-element-a1569f7 elementor-align-center elementor-icon-list--layout-traditional elementor-list-item-link-full_width elementor-widget elementor-widget-icon-list\" data-id=\"a1569f7\" data-element_type=\"widget\" data-e-type=\"widget\" data-widget_type=\"icon-list.default\">\n\t\t\t\t<div class=\"elementor-widget-container\">\n\t\t\t\t\t\t\t<ul class=\"elementor-icon-list-items\">\n\t\t\t\t\t\t\t<li class=\"elementor-icon-list-item\">\n\t\t\t\t\t\t\t\t\t\t\t<a href=\"#\">\n\n\t\t\t\t\t\t\t\t\t\t\t\t<span class=\"elementor-icon-list-icon\">\n\t\t\t\t\t\t\t<i aria-hidden=\"true\" class=\"fas fa-check\"><\/i>\t\t\t\t\t\t<\/span>\n\t\t\t\t\t\t\t\t\t\t<span class=\"elementor-icon-list-text\">Secr\u00e9tariat du recteur de l'Universit\u00e9<\/span>\n\t\t\t\t\t\t\t\t\t\t\t<\/a>\n\t\t\t\t\t\t\t\t\t<\/li>\n\t\t\t\t\t\t\t\t<li class=\"elementor-icon-list-item\">\n\t\t\t\t\t\t\t\t\t\t\t<a href=\"#\">\n\n\t\t\t\t\t\t\t\t\t\t\t\t<span class=\"elementor-icon-list-icon\">\n\t\t\t\t\t\t\t<i aria-hidden=\"true\" class=\"fas fa-check\"><\/i>\t\t\t\t\t\t<\/span>\n\t\t\t\t\t\t\t\t\t\t<span class=\"elementor-icon-list-text\">Administration  du suivi<\/span>\n\t\t\t\t\t\t\t\t\t\t\t<\/a>\n\t\t\t\t\t\t\t\t\t<\/li>\n\t\t\t\t\t\t\t\t<li class=\"elementor-icon-list-item\">\n\t\t\t\t\t\t\t\t\t\t\t<a href=\"#\">\n\n\t\t\t\t\t\t\t\t\t\t\t\t<span class=\"elementor-icon-list-icon\">\n\t\t\t\t\t\t\t<i aria-hidden=\"true\" class=\"fas fa-check\"><\/i>\t\t\t\t\t\t<\/span>\n\t\t\t\t\t\t\t\t\t\t<span class=\"elementor-icon-list-text\">Administration des services aux citoyens<\/span>\n\t\t\t\t\t\t\t\t\t\t\t<\/a>\n\t\t\t\t\t\t\t\t\t<\/li>\n\t\t\t\t\t\t\t\t<li class=\"elementor-icon-list-item\">\n\t\t\t\t\t\t\t\t\t\t\t<a href=\"#\">\n\n\t\t\t\t\t\t\t\t\t\t\t\t<span class=\"elementor-icon-list-icon\">\n\t\t\t\t\t\t\t<i aria-hidden=\"true\" class=\"fas fa-check\"><\/i>\t\t\t\t\t\t<\/span>\n\t\t\t\t\t\t\t\t\t\t<span class=\"elementor-icon-list-text\"> Adminstration centrale des statistiques<\/span>\n\t\t\t\t\t\t\t\t\t\t\t<\/a>\n\t\t\t\t\t\t\t\t\t<\/li>\n\t\t\t\t\t\t<\/ul>\n\t\t\t\t\t\t<\/div>\n\t\t\t\t<\/div>\n\t\t\t\t\t<\/div>\n\t\t<\/div>\n\t\t\t\t\t<\/div>\n\t\t<\/section>\n\t\t\t\t<\/div>\n\t\t","protected":false},"excerpt":{"rendered":"<p>Bureau du recteur de l&#8217;universit\u00e9 Recteur de l&#8217;universit\u00e9: prof.dr. Hassan Hamdi Abdel Rahman Noman Secteur administratif du recteur de l&#8217;universit\u00e9 L&#8217;administration g\u00e9n\u00e9rale des affaires du recteur de l\u2019universit\u00e9 comprend les d\u00e9partements suivants : Secr\u00e9tariat du recteur de l&#8217;Universit\u00e9 Administration du suivi Administration des services aux citoyens Adminstration centrale des statistiques<\/p>\n","protected":false},"author":2,"featured_media":0,"parent":0,"menu_order":0,"comment_status":"closed","ping_status":"closed","template":"","meta":{"footnotes":""},"class_list":["post-73737","page","type-page","status-publish","hentry"],"yoast_head":"<!-- This site is optimized with the Yoast SEO plugin v27.6 - https:\/\/yoast.com\/product\/yoast-seo-wordpress\/ -->\n<title>Secteur administratif du recteur de l&#039;universit\u00e9 - Universit\u00e9 Sohag<\/title>\n<meta name=\"robots\" content=\"index, follow, max-snippet:-1, max-image-preview:large, max-video-preview:-1\" \/>\n<link rel=\"canonical\" href=\"https:\/\/www.sohag-univ.edu.eg\/ar\/secteur-administratif-du-recteur-de-luniversite\/\" \/>\n<meta property=\"og:locale\" content=\"ar_AR\" \/>\n<meta property=\"og:type\" content=\"article\" \/>\n<meta property=\"og:title\" content=\"Secteur administratif du recteur de l&#039;universit\u00e9 - Universit\u00e9 Sohag\" \/>\n<meta property=\"og:description\" content=\"Bureau du recteur de l&#8217;universit\u00e9 Recteur de l&#8217;universit\u00e9: prof.dr. Hassan Hamdi Abdel Rahman Noman Secteur administratif du recteur de l&#8217;universit\u00e9 L&#8217;administration g\u00e9n\u00e9rale des affaires du recteur de l\u2019universit\u00e9 comprend les d\u00e9partements suivants : Secr\u00e9tariat du recteur de l&#8217;Universit\u00e9 Administration du suivi Administration des services aux citoyens Adminstration centrale des statistiques\" \/>\n<meta property=\"og:url\" content=\"https:\/\/www.sohag-univ.edu.eg\/ar\/secteur-administratif-du-recteur-de-luniversite\/\" \/>\n<meta property=\"og:site_name\" content=\"Universit\u00e9 Sohag\" \/>\n<meta property=\"article:publisher\" content=\"https:\/\/www.facebook.com\/sou.univ\" \/>\n<meta property=\"article:modified_time\" content=\"2024-05-21T09:37:56+00:00\" \/>\n<meta property=\"og:image\" content=\"https:\/\/www.sohag-univ.edu.eg\/ar\/wp-content\/uploads\/2024\/05\/FB_IMG_16908230326526641-300x300-1.jpg\" \/>\n<meta name=\"twitter:card\" content=\"summary_large_image\" \/>\n<meta name=\"twitter:site\" content=\"@sohaguniversity\" \/>\n<meta name=\"twitter:label1\" content=\"\u0648\u0642\u062a \u0627\u0644\u0642\u0631\u0627\u0621\u0629 \u0627\u0644\u0645\u064f\u0642\u062f\u0651\u0631\" \/>\n\t<meta name=\"twitter:data1\" content=\"\u062f\u0642\u064a\u0642\u0629 \u0648\u0627\u062d\u062f\u0629\" \/>\n<script type=\"application\/ld+json\" class=\"yoast-schema-graph\">{\"@context\":\"https:\\\/\\\/schema.org\",\"@graph\":[{\"@type\":\"WebPage\",\"@id\":\"https:\\\/\\\/www.sohag-univ.edu.eg\\\/ar\\\/secteur-administratif-du-recteur-de-luniversite\\\/\",\"url\":\"https:\\\/\\\/www.sohag-univ.edu.eg\\\/ar\\\/secteur-administratif-du-recteur-de-luniversite\\\/\",\"name\":\"Secteur administratif du recteur de l'universit\u00e9 - Universit\u00e9 Sohag\",\"isPartOf\":{\"@id\":\"https:\\\/\\\/www.sohag-univ.edu.eg\\\/ar\\\/#website\"},\"primaryImageOfPage\":{\"@id\":\"https:\\\/\\\/www.sohag-univ.edu.eg\\\/ar\\\/secteur-administratif-du-recteur-de-luniversite\\\/#primaryimage\"},\"image\":{\"@id\":\"https:\\\/\\\/www.sohag-univ.edu.eg\\\/ar\\\/secteur-administratif-du-recteur-de-luniversite\\\/#primaryimage\"},\"thumbnailUrl\":\"https:\\\/\\\/www.sohag-univ.edu.eg\\\/ar\\\/wp-content\\\/uploads\\\/2024\\\/05\\\/FB_IMG_16908230326526641-300x300-1.jpg\",\"datePublished\":\"2024-01-11T08:59:16+00:00\",\"dateModified\":\"2024-05-21T09:37:56+00:00\",\"breadcrumb\":{\"@id\":\"https:\\\/\\\/www.sohag-univ.edu.eg\\\/ar\\\/secteur-administratif-du-recteur-de-luniversite\\\/#breadcrumb\"},\"inLanguage\":\"ar\",\"potentialAction\":[{\"@type\":\"ReadAction\",\"target\":[\"https:\\\/\\\/www.sohag-univ.edu.eg\\\/ar\\\/secteur-administratif-du-recteur-de-luniversite\\\/\"]}]},{\"@type\":\"ImageObject\",\"inLanguage\":\"ar\",\"@id\":\"https:\\\/\\\/www.sohag-univ.edu.eg\\\/ar\\\/secteur-administratif-du-recteur-de-luniversite\\\/#primaryimage\",\"url\":\"https:\\\/\\\/www.sohag-univ.edu.eg\\\/ar\\\/wp-content\\\/uploads\\\/2024\\\/05\\\/FB_IMG_16908230326526641-300x300-1.jpg\",\"contentUrl\":\"https:\\\/\\\/www.sohag-univ.edu.eg\\\/ar\\\/wp-content\\\/uploads\\\/2024\\\/05\\\/FB_IMG_16908230326526641-300x300-1.jpg\",\"width\":300,\"height\":300},{\"@type\":\"BreadcrumbList\",\"@id\":\"https:\\\/\\\/www.sohag-univ.edu.eg\\\/ar\\\/secteur-administratif-du-recteur-de-luniversite\\\/#breadcrumb\",\"itemListElement\":[{\"@type\":\"ListItem\",\"position\":1,\"name\":\"\u0627\u0644\u0631\u0626\u064a\u0633\u064a\u0629\",\"item\":\"https:\\\/\\\/www.sohag-univ.edu.eg\\\/ar\\\/home\\\/\"},{\"@type\":\"ListItem\",\"position\":2,\"name\":\"Secteur administratif du recteur de l&rsquo;universit\u00e9\"}]},{\"@type\":\"WebSite\",\"@id\":\"https:\\\/\\\/www.sohag-univ.edu.eg\\\/ar\\\/#website\",\"url\":\"https:\\\/\\\/www.sohag-univ.edu.eg\\\/ar\\\/\",\"name\":\"\u062c\u0627\u0645\u0639\u0629 \u0633\u0648\u0647\u0627\u062c\",\"description\":\"portail \u00e9lectronique\",\"publisher\":{\"@id\":\"https:\\\/\\\/www.sohag-univ.edu.eg\\\/ar\\\/#organization\"},\"potentialAction\":[{\"@type\":\"SearchAction\",\"target\":{\"@type\":\"EntryPoint\",\"urlTemplate\":\"https:\\\/\\\/www.sohag-univ.edu.eg\\\/ar\\\/?s={search_term_string}\"},\"query-input\":{\"@type\":\"PropertyValueSpecification\",\"valueRequired\":true,\"valueName\":\"search_term_string\"}}],\"inLanguage\":\"ar\"},{\"@type\":\"Organization\",\"@id\":\"https:\\\/\\\/www.sohag-univ.edu.eg\\\/ar\\\/#organization\",\"name\":\"\u062c\u0627\u0645\u0639\u0629 \u0633\u0648\u0647\u0627\u062c\",\"url\":\"https:\\\/\\\/www.sohag-univ.edu.eg\\\/ar\\\/\",\"logo\":{\"@type\":\"ImageObject\",\"inLanguage\":\"ar\",\"@id\":\"https:\\\/\\\/www.sohag-univ.edu.eg\\\/ar\\\/#\\\/schema\\\/logo\\\/image\\\/\",\"url\":\"https:\\\/\\\/www.sohag-univ.edu.eg\\\/ar\\\/wp-content\\\/uploads\\\/2021\\\/08\\\/logo.png\",\"contentUrl\":\"https:\\\/\\\/www.sohag-univ.edu.eg\\\/ar\\\/wp-content\\\/uploads\\\/2021\\\/08\\\/logo.png\",\"width\":281,\"height\":90,\"caption\":\"\u062c\u0627\u0645\u0639\u0629 \u0633\u0648\u0647\u0627\u062c\"},\"image\":{\"@id\":\"https:\\\/\\\/www.sohag-univ.edu.eg\\\/ar\\\/#\\\/schema\\\/logo\\\/image\\\/\"},\"sameAs\":[\"https:\\\/\\\/www.facebook.com\\\/sou.univ\",\"https:\\\/\\\/x.com\\\/sohaguniversity\"]}]}<\/script>\n<!-- \/ Yoast SEO plugin. -->","yoast_head_json":{"title":"Secteur administratif du recteur de l'universit\u00e9 - Universit\u00e9 Sohag","robots":{"index":"index","follow":"follow","max-snippet":"max-snippet:-1","max-image-preview":"max-image-preview:large","max-video-preview":"max-video-preview:-1"},"canonical":"https:\/\/www.sohag-univ.edu.eg\/ar\/secteur-administratif-du-recteur-de-luniversite\/","og_locale":"ar_AR","og_type":"article","og_title":"Secteur administratif du recteur de l'universit\u00e9 - Universit\u00e9 Sohag","og_description":"Bureau du recteur de l&#8217;universit\u00e9 Recteur de l&#8217;universit\u00e9: prof.dr. Hassan Hamdi Abdel Rahman Noman Secteur administratif du recteur de l&#8217;universit\u00e9 L&#8217;administration g\u00e9n\u00e9rale des affaires du recteur de l\u2019universit\u00e9 comprend les d\u00e9partements suivants : Secr\u00e9tariat du recteur de l&#8217;Universit\u00e9 Administration du suivi Administration des services aux citoyens Adminstration centrale des statistiques","og_url":"https:\/\/www.sohag-univ.edu.eg\/ar\/secteur-administratif-du-recteur-de-luniversite\/","og_site_name":"Universit\u00e9 Sohag","article_publisher":"https:\/\/www.facebook.com\/sou.univ","article_modified_time":"2024-05-21T09:37:56+00:00","og_image":[{"url":"https:\/\/www.sohag-univ.edu.eg\/ar\/wp-content\/uploads\/2024\/05\/FB_IMG_16908230326526641-300x300-1.jpg","type":"","width":"","height":""}],"twitter_card":"summary_large_image","twitter_site":"@sohaguniversity","twitter_misc":{"\u0648\u0642\u062a \u0627\u0644\u0642\u0631\u0627\u0621\u0629 \u0627\u0644\u0645\u064f\u0642\u062f\u0651\u0631":"\u062f\u0642\u064a\u0642\u0629 \u0648\u0627\u062d\u062f\u0629"},"schema":{"@context":"https:\/\/schema.org","@graph":[{"@type":"WebPage","@id":"https:\/\/www.sohag-univ.edu.eg\/ar\/secteur-administratif-du-recteur-de-luniversite\/","url":"https:\/\/www.sohag-univ.edu.eg\/ar\/secteur-administratif-du-recteur-de-luniversite\/","name":"Secteur administratif du recteur de l'universit\u00e9 - Universit\u00e9 Sohag","isPartOf":{"@id":"https:\/\/www.sohag-univ.edu.eg\/ar\/#website"},"primaryImageOfPage":{"@id":"https:\/\/www.sohag-univ.edu.eg\/ar\/secteur-administratif-du-recteur-de-luniversite\/#primaryimage"},"image":{"@id":"https:\/\/www.sohag-univ.edu.eg\/ar\/secteur-administratif-du-recteur-de-luniversite\/#primaryimage"},"thumbnailUrl":"https:\/\/www.sohag-univ.edu.eg\/ar\/wp-content\/uploads\/2024\/05\/FB_IMG_16908230326526641-300x300-1.jpg","datePublished":"2024-01-11T08:59:16+00:00","dateModified":"2024-05-21T09:37:56+00:00","breadcrumb":{"@id":"https:\/\/www.sohag-univ.edu.eg\/ar\/secteur-administratif-du-recteur-de-luniversite\/#breadcrumb"},"inLanguage":"ar","potentialAction":[{"@type":"ReadAction","target":["https:\/\/www.sohag-univ.edu.eg\/ar\/secteur-administratif-du-recteur-de-luniversite\/"]}]},{"@type":"ImageObject","inLanguage":"ar","@id":"https:\/\/www.sohag-univ.edu.eg\/ar\/secteur-administratif-du-recteur-de-luniversite\/#primaryimage","url":"https:\/\/www.sohag-univ.edu.eg\/ar\/wp-content\/uploads\/2024\/05\/FB_IMG_16908230326526641-300x300-1.jpg","contentUrl":"https:\/\/www.sohag-univ.edu.eg\/ar\/wp-content\/uploads\/2024\/05\/FB_IMG_16908230326526641-300x300-1.jpg","width":300,"height":300},{"@type":"BreadcrumbList","@id":"https:\/\/www.sohag-univ.edu.eg\/ar\/secteur-administratif-du-recteur-de-luniversite\/#breadcrumb","itemListElement":[{"@type":"ListItem","position":1,"name":"\u0627\u0644\u0631\u0626\u064a\u0633\u064a\u0629","item":"https:\/\/www.sohag-univ.edu.eg\/ar\/home\/"},{"@type":"ListItem","position":2,"name":"Secteur administratif du recteur de l&rsquo;universit\u00e9"}]},{"@type":"WebSite","@id":"https:\/\/www.sohag-univ.edu.eg\/ar\/#website","url":"https:\/\/www.sohag-univ.edu.eg\/ar\/","name":"\u062c\u0627\u0645\u0639\u0629 \u0633\u0648\u0647\u0627\u062c","description":"portail \u00e9lectronique","publisher":{"@id":"https:\/\/www.sohag-univ.edu.eg\/ar\/#organization"},"potentialAction":[{"@type":"SearchAction","target":{"@type":"EntryPoint","urlTemplate":"https:\/\/www.sohag-univ.edu.eg\/ar\/?s={search_term_string}"},"query-input":{"@type":"PropertyValueSpecification","valueRequired":true,"valueName":"search_term_string"}}],"inLanguage":"ar"},{"@type":"Organization","@id":"https:\/\/www.sohag-univ.edu.eg\/ar\/#organization","name":"\u062c\u0627\u0645\u0639\u0629 \u0633\u0648\u0647\u0627\u062c","url":"https:\/\/www.sohag-univ.edu.eg\/ar\/","logo":{"@type":"ImageObject","inLanguage":"ar","@id":"https:\/\/www.sohag-univ.edu.eg\/ar\/#\/schema\/logo\/image\/","url":"https:\/\/www.sohag-univ.edu.eg\/ar\/wp-content\/uploads\/2021\/08\/logo.png","contentUrl":"https:\/\/www.sohag-univ.edu.eg\/ar\/wp-content\/uploads\/2021\/08\/logo.png","width":281,"height":90,"caption":"\u062c\u0627\u0645\u0639\u0629 \u0633\u0648\u0647\u0627\u062c"},"image":{"@id":"https:\/\/www.sohag-univ.edu.eg\/ar\/#\/schema\/logo\/image\/"},"sameAs":["https:\/\/www.facebook.com\/sou.univ","https:\/\/x.com\/sohaguniversity"]}]}},"_links":{"self":[{"href":"https:\/\/www.sohag-univ.edu.eg\/ar\/wp-json\/wp\/v2\/pages\/73737","targetHints":{"allow":["GET"]}}],"collection":[{"href":"https:\/\/www.sohag-univ.edu.eg\/ar\/wp-json\/wp\/v2\/pages"}],"about":[{"href":"https:\/\/www.sohag-univ.edu.eg\/ar\/wp-json\/wp\/v2\/types\/page"}],"author":[{"embeddable":true,"href":"https:\/\/www.sohag-univ.edu.eg\/ar\/wp-json\/wp\/v2\/users\/2"}],"replies":[{"embeddable":true,"href":"https:\/\/www.sohag-univ.edu.eg\/ar\/wp-json\/wp\/v2\/comments?post=73737"}],"version-history":[{"count":13,"href":"https:\/\/www.sohag-univ.edu.eg\/ar\/wp-json\/wp\/v2\/pages\/73737\/revisions"}],"predecessor-version":[{"id":81726,"href":"https:\/\/www.sohag-univ.edu.eg\/ar\/wp-json\/wp\/v2\/pages\/73737\/revisions\/81726"}],"wp:attachment":[{"href":"https:\/\/www.sohag-univ.edu.eg\/ar\/wp-json\/wp\/v2\/media?parent=73737"}],"curies":[{"name":"wp","href":"https:\/\/api.w.org\/{rel}","templated":true}]}}