{"id":73699,"date":"2024-01-11T11:33:37","date_gmt":"2024-01-11T08:33:37","guid":{"rendered":"https:\/\/www.sohag-univ.edu.eg\/ar\/?page_id=73699"},"modified":"2024-01-11T11:37:05","modified_gmt":"2024-01-11T08:37:05","slug":"composantes-de-luniversite","status":"publish","type":"page","link":"https:\/\/www.sohag-univ.edu.eg\/ar\/composantes-de-luniversite\/","title":{"rendered":"Composantes de l&#8217;universit\u00e9"},"content":{"rendered":"\t\t<div data-elementor-type=\"wp-page\" data-elementor-id=\"73699\" class=\"elementor elementor-73699\">\n\t\t\t\t\t\t<section class=\"elementor-section elementor-top-section elementor-element elementor-element-86826c2 elementor-section-boxed elementor-section-height-default elementor-section-height-default\" data-id=\"86826c2\" data-element_type=\"section\" data-e-type=\"section\">\n\t\t\t\t\t\t<div class=\"elementor-container elementor-column-gap-default\">\n\t\t\t\t\t<div class=\"elementor-column elementor-col-100 elementor-top-column elementor-element elementor-element-a914b13\" data-id=\"a914b13\" data-element_type=\"column\" data-e-type=\"column\">\n\t\t\t<div class=\"elementor-widget-wrap elementor-element-populated\">\n\t\t\t\t\t\t<div class=\"elementor-element elementor-element-8cf9e57 elementor-widget elementor-widget-text-editor\" data-id=\"8cf9e57\" data-element_type=\"widget\" data-e-type=\"widget\" data-widget_type=\"text-editor.default\">\n\t\t\t\t<div class=\"elementor-widget-container\">\n\t\t\t\t\t\t\t\t\t<p style=\"text-align: left;\"><span style=\"color: #000000;\"><strong>l&#8217;universit\u00e9 Les facult\u00e9s de l&#8217;universit\u00e9 sont r\u00e9partis en deux si\u00e8ges : l&#8217;ancien si\u00e8ge ( Ville de Nasser) \u00e0 l&#8217;est du gouvernorat de Sohag, d&#8217;une superficie d&#8217;environ 30 acres, comprenant l&#8217;administration centrale, la facult\u00e9 des Sciences, la facult\u00e9 de M\u00e9decine, la facult\u00e9 d&#8217;infirmerie, la facult\u00e9 de Pharmacie, l&#8217;Institut technique d&#8217;infirmi\u00e8re , les h\u00f4pitaux universitaires, la facult\u00e9 des \u00c9tudes sup\u00e9rieures et la recherche environnementale<\/strong><\/span><\/p><p style=\"text-align: left;\"><span style=\"color: #000000;\"><strong> Le nouveau si\u00e8ge se trouve dans la nouvelle ville de Sohag (Al-Kawamel), \u00e0 environ 11 km de l&#8217;ancienne universit\u00e9, d&#8217;une superficie de 1 000 acres (750 acres pour les b\u00e2timents et 250 acres pour les fermes)<\/strong><\/span><\/p><p style=\"text-align: left;\"><span style=\"color: #000000;\"><strong>\u00a0Il englobe la facult\u00e9 de commerce, la facult\u00e9 de p\u00e9dagogie, la facult\u00e9 des arts, la facult\u00e9 d&#8217;agriculture, la facult\u00e9 d&#8217;ing\u00e9nierie, la facult\u00e9 de m\u00e9decine v\u00e9t\u00e9rinaire, la facult\u00e9 de p\u00e9dagogie sportive, la facult\u00e9 de droit, la facult\u00e9 d&#8217;Al-Alsun, la facult\u00e9 d&#8217;informatique et d&#8217;intelligence artificielle, ainsi que le centre de conf\u00e9rences ( Nouvelle salle du Canal de Suez)<\/strong><\/span><\/p><p style=\"text-align: left;\"><span style=\"color: #000000;\"><strong> L&#8217;universit\u00e9 a jou\u00e9 un r\u00f4le crucial depuis sa cr\u00e9ation en 2006 en soutenant le processus de d\u00e9veloppement et en participant aux enjeux nationaux avec toutes ses capacit\u00e9s humaines et techniques et ses exp\u00e9riences diverses, \u00e0 travers les contributions de ses centres et unit\u00e9s \u00e0 caract\u00e8re particulier dans le service communautaire et le d\u00e9veloppement environnemental, avec ses services dans divers domaine<\/strong><\/span><\/p>\t\t\t\t\t\t\t\t<\/div>\n\t\t\t\t<\/div>\n\t\t\t\t\t<\/div>\n\t\t<\/div>\n\t\t\t\t\t<\/div>\n\t\t<\/section>\n\t\t\t\t<\/div>\n\t\t","protected":false},"excerpt":{"rendered":"<p>l&#8217;universit\u00e9 Les facult\u00e9s de l&#8217;universit\u00e9 sont r\u00e9partis en deux si\u00e8ges : l&#8217;ancien si\u00e8ge ( Ville de Nasser) \u00e0 l&#8217;est du gouvernorat de Sohag, d&#8217;une superficie d&#8217;environ 30 acres, comprenant l&#8217;administration centrale, la facult\u00e9 des Sciences, la facult\u00e9 de M\u00e9decine, la facult\u00e9 d&#8217;infirmerie, la facult\u00e9 de Pharmacie, l&#8217;Institut technique d&#8217;infirmi\u00e8re , les h\u00f4pitaux universitaires, la facult\u00e9 [&hellip;]<\/p>\n","protected":false},"author":9,"featured_media":0,"parent":0,"menu_order":0,"comment_status":"closed","ping_status":"closed","template":"","meta":{"footnotes":""},"class_list":["post-73699","page","type-page","status-publish","hentry"],"yoast_head":"<!-- This site is optimized with the Yoast SEO plugin v27.6 - https:\/\/yoast.com\/product\/yoast-seo-wordpress\/ -->\n<title>Composantes de l&#039;universit\u00e9 - Universit\u00e9 Sohag<\/title>\n<meta name=\"robots\" content=\"index, follow, max-snippet:-1, max-image-preview:large, max-video-preview:-1\" \/>\n<link rel=\"canonical\" href=\"https:\/\/www.sohag-univ.edu.eg\/ar\/composantes-de-luniversite\/\" \/>\n<meta property=\"og:locale\" content=\"ar_AR\" \/>\n<meta property=\"og:type\" content=\"article\" \/>\n<meta property=\"og:title\" content=\"Composantes de l&#039;universit\u00e9 - Universit\u00e9 Sohag\" \/>\n<meta property=\"og:description\" content=\"l&#8217;universit\u00e9 Les facult\u00e9s de l&#8217;universit\u00e9 sont r\u00e9partis en deux si\u00e8ges : l&#8217;ancien si\u00e8ge ( Ville de Nasser) \u00e0 l&#8217;est du gouvernorat de Sohag, d&#8217;une superficie d&#8217;environ 30 acres, comprenant l&#8217;administration centrale, la facult\u00e9 des Sciences, la facult\u00e9 de M\u00e9decine, la facult\u00e9 d&#8217;infirmerie, la facult\u00e9 de Pharmacie, l&#8217;Institut technique d&#8217;infirmi\u00e8re , les h\u00f4pitaux universitaires, la facult\u00e9 [&hellip;]\" \/>\n<meta property=\"og:url\" content=\"https:\/\/www.sohag-univ.edu.eg\/ar\/composantes-de-luniversite\/\" \/>\n<meta property=\"og:site_name\" content=\"Universit\u00e9 Sohag\" \/>\n<meta property=\"article:publisher\" content=\"https:\/\/www.facebook.com\/sou.univ\" \/>\n<meta property=\"article:modified_time\" content=\"2024-01-11T08:37:05+00:00\" \/>\n<meta name=\"twitter:card\" content=\"summary_large_image\" \/>\n<meta name=\"twitter:site\" content=\"@sohaguniversity\" \/>\n<meta name=\"twitter:label1\" content=\"\u0648\u0642\u062a \u0627\u0644\u0642\u0631\u0627\u0621\u0629 \u0627\u0644\u0645\u064f\u0642\u062f\u0651\u0631\" \/>\n\t<meta name=\"twitter:data1\" content=\"\u062f\u0642\u064a\u0642\u062a\u0627\u0646\" \/>\n<script type=\"application\/ld+json\" class=\"yoast-schema-graph\">{\"@context\":\"https:\\\/\\\/schema.org\",\"@graph\":[{\"@type\":\"WebPage\",\"@id\":\"https:\\\/\\\/www.sohag-univ.edu.eg\\\/ar\\\/composantes-de-luniversite\\\/\",\"url\":\"https:\\\/\\\/www.sohag-univ.edu.eg\\\/ar\\\/composantes-de-luniversite\\\/\",\"name\":\"Composantes de l'universit\u00e9 - Universit\u00e9 Sohag\",\"isPartOf\":{\"@id\":\"https:\\\/\\\/www.sohag-univ.edu.eg\\\/ar\\\/#website\"},\"datePublished\":\"2024-01-11T08:33:37+00:00\",\"dateModified\":\"2024-01-11T08:37:05+00:00\",\"breadcrumb\":{\"@id\":\"https:\\\/\\\/www.sohag-univ.edu.eg\\\/ar\\\/composantes-de-luniversite\\\/#breadcrumb\"},\"inLanguage\":\"ar\",\"potentialAction\":[{\"@type\":\"ReadAction\",\"target\":[\"https:\\\/\\\/www.sohag-univ.edu.eg\\\/ar\\\/composantes-de-luniversite\\\/\"]}]},{\"@type\":\"BreadcrumbList\",\"@id\":\"https:\\\/\\\/www.sohag-univ.edu.eg\\\/ar\\\/composantes-de-luniversite\\\/#breadcrumb\",\"itemListElement\":[{\"@type\":\"ListItem\",\"position\":1,\"name\":\"\u0627\u0644\u0631\u0626\u064a\u0633\u064a\u0629\",\"item\":\"https:\\\/\\\/www.sohag-univ.edu.eg\\\/ar\\\/home\\\/\"},{\"@type\":\"ListItem\",\"position\":2,\"name\":\"Composantes de l&rsquo;universit\u00e9\"}]},{\"@type\":\"WebSite\",\"@id\":\"https:\\\/\\\/www.sohag-univ.edu.eg\\\/ar\\\/#website\",\"url\":\"https:\\\/\\\/www.sohag-univ.edu.eg\\\/ar\\\/\",\"name\":\"\u062c\u0627\u0645\u0639\u0629 \u0633\u0648\u0647\u0627\u062c\",\"description\":\"portail \u00e9lectronique\",\"publisher\":{\"@id\":\"https:\\\/\\\/www.sohag-univ.edu.eg\\\/ar\\\/#organization\"},\"potentialAction\":[{\"@type\":\"SearchAction\",\"target\":{\"@type\":\"EntryPoint\",\"urlTemplate\":\"https:\\\/\\\/www.sohag-univ.edu.eg\\\/ar\\\/?s={search_term_string}\"},\"query-input\":{\"@type\":\"PropertyValueSpecification\",\"valueRequired\":true,\"valueName\":\"search_term_string\"}}],\"inLanguage\":\"ar\"},{\"@type\":\"Organization\",\"@id\":\"https:\\\/\\\/www.sohag-univ.edu.eg\\\/ar\\\/#organization\",\"name\":\"\u062c\u0627\u0645\u0639\u0629 \u0633\u0648\u0647\u0627\u062c\",\"url\":\"https:\\\/\\\/www.sohag-univ.edu.eg\\\/ar\\\/\",\"logo\":{\"@type\":\"ImageObject\",\"inLanguage\":\"ar\",\"@id\":\"https:\\\/\\\/www.sohag-univ.edu.eg\\\/ar\\\/#\\\/schema\\\/logo\\\/image\\\/\",\"url\":\"https:\\\/\\\/www.sohag-univ.edu.eg\\\/ar\\\/wp-content\\\/uploads\\\/2021\\\/08\\\/logo.png\",\"contentUrl\":\"https:\\\/\\\/www.sohag-univ.edu.eg\\\/ar\\\/wp-content\\\/uploads\\\/2021\\\/08\\\/logo.png\",\"width\":281,\"height\":90,\"caption\":\"\u062c\u0627\u0645\u0639\u0629 \u0633\u0648\u0647\u0627\u062c\"},\"image\":{\"@id\":\"https:\\\/\\\/www.sohag-univ.edu.eg\\\/ar\\\/#\\\/schema\\\/logo\\\/image\\\/\"},\"sameAs\":[\"https:\\\/\\\/www.facebook.com\\\/sou.univ\",\"https:\\\/\\\/x.com\\\/sohaguniversity\"]}]}<\/script>\n<!-- \/ Yoast SEO plugin. -->","yoast_head_json":{"title":"Composantes de l'universit\u00e9 - Universit\u00e9 Sohag","robots":{"index":"index","follow":"follow","max-snippet":"max-snippet:-1","max-image-preview":"max-image-preview:large","max-video-preview":"max-video-preview:-1"},"canonical":"https:\/\/www.sohag-univ.edu.eg\/ar\/composantes-de-luniversite\/","og_locale":"ar_AR","og_type":"article","og_title":"Composantes de l'universit\u00e9 - Universit\u00e9 Sohag","og_description":"l&#8217;universit\u00e9 Les facult\u00e9s de l&#8217;universit\u00e9 sont r\u00e9partis en deux si\u00e8ges : l&#8217;ancien si\u00e8ge ( Ville de Nasser) \u00e0 l&#8217;est du gouvernorat de Sohag, d&#8217;une superficie d&#8217;environ 30 acres, comprenant l&#8217;administration centrale, la facult\u00e9 des Sciences, la facult\u00e9 de M\u00e9decine, la facult\u00e9 d&#8217;infirmerie, la facult\u00e9 de Pharmacie, l&#8217;Institut technique d&#8217;infirmi\u00e8re , les h\u00f4pitaux universitaires, la facult\u00e9 [&hellip;]","og_url":"https:\/\/www.sohag-univ.edu.eg\/ar\/composantes-de-luniversite\/","og_site_name":"Universit\u00e9 Sohag","article_publisher":"https:\/\/www.facebook.com\/sou.univ","article_modified_time":"2024-01-11T08:37:05+00:00","twitter_card":"summary_large_image","twitter_site":"@sohaguniversity","twitter_misc":{"\u0648\u0642\u062a \u0627\u0644\u0642\u0631\u0627\u0621\u0629 \u0627\u0644\u0645\u064f\u0642\u062f\u0651\u0631":"\u062f\u0642\u064a\u0642\u062a\u0627\u0646"},"schema":{"@context":"https:\/\/schema.org","@graph":[{"@type":"WebPage","@id":"https:\/\/www.sohag-univ.edu.eg\/ar\/composantes-de-luniversite\/","url":"https:\/\/www.sohag-univ.edu.eg\/ar\/composantes-de-luniversite\/","name":"Composantes de l'universit\u00e9 - Universit\u00e9 Sohag","isPartOf":{"@id":"https:\/\/www.sohag-univ.edu.eg\/ar\/#website"},"datePublished":"2024-01-11T08:33:37+00:00","dateModified":"2024-01-11T08:37:05+00:00","breadcrumb":{"@id":"https:\/\/www.sohag-univ.edu.eg\/ar\/composantes-de-luniversite\/#breadcrumb"},"inLanguage":"ar","potentialAction":[{"@type":"ReadAction","target":["https:\/\/www.sohag-univ.edu.eg\/ar\/composantes-de-luniversite\/"]}]},{"@type":"BreadcrumbList","@id":"https:\/\/www.sohag-univ.edu.eg\/ar\/composantes-de-luniversite\/#breadcrumb","itemListElement":[{"@type":"ListItem","position":1,"name":"\u0627\u0644\u0631\u0626\u064a\u0633\u064a\u0629","item":"https:\/\/www.sohag-univ.edu.eg\/ar\/home\/"},{"@type":"ListItem","position":2,"name":"Composantes de l&rsquo;universit\u00e9"}]},{"@type":"WebSite","@id":"https:\/\/www.sohag-univ.edu.eg\/ar\/#website","url":"https:\/\/www.sohag-univ.edu.eg\/ar\/","name":"\u062c\u0627\u0645\u0639\u0629 \u0633\u0648\u0647\u0627\u062c","description":"portail \u00e9lectronique","publisher":{"@id":"https:\/\/www.sohag-univ.edu.eg\/ar\/#organization"},"potentialAction":[{"@type":"SearchAction","target":{"@type":"EntryPoint","urlTemplate":"https:\/\/www.sohag-univ.edu.eg\/ar\/?s={search_term_string}"},"query-input":{"@type":"PropertyValueSpecification","valueRequired":true,"valueName":"search_term_string"}}],"inLanguage":"ar"},{"@type":"Organization","@id":"https:\/\/www.sohag-univ.edu.eg\/ar\/#organization","name":"\u062c\u0627\u0645\u0639\u0629 \u0633\u0648\u0647\u0627\u062c","url":"https:\/\/www.sohag-univ.edu.eg\/ar\/","logo":{"@type":"ImageObject","inLanguage":"ar","@id":"https:\/\/www.sohag-univ.edu.eg\/ar\/#\/schema\/logo\/image\/","url":"https:\/\/www.sohag-univ.edu.eg\/ar\/wp-content\/uploads\/2021\/08\/logo.png","contentUrl":"https:\/\/www.sohag-univ.edu.eg\/ar\/wp-content\/uploads\/2021\/08\/logo.png","width":281,"height":90,"caption":"\u062c\u0627\u0645\u0639\u0629 \u0633\u0648\u0647\u0627\u062c"},"image":{"@id":"https:\/\/www.sohag-univ.edu.eg\/ar\/#\/schema\/logo\/image\/"},"sameAs":["https:\/\/www.facebook.com\/sou.univ","https:\/\/x.com\/sohaguniversity"]}]}},"_links":{"self":[{"href":"https:\/\/www.sohag-univ.edu.eg\/ar\/wp-json\/wp\/v2\/pages\/73699","targetHints":{"allow":["GET"]}}],"collection":[{"href":"https:\/\/www.sohag-univ.edu.eg\/ar\/wp-json\/wp\/v2\/pages"}],"about":[{"href":"https:\/\/www.sohag-univ.edu.eg\/ar\/wp-json\/wp\/v2\/types\/page"}],"author":[{"embeddable":true,"href":"https:\/\/www.sohag-univ.edu.eg\/ar\/wp-json\/wp\/v2\/users\/9"}],"replies":[{"embeddable":true,"href":"https:\/\/www.sohag-univ.edu.eg\/ar\/wp-json\/wp\/v2\/comments?post=73699"}],"version-history":[{"count":7,"href":"https:\/\/www.sohag-univ.edu.eg\/ar\/wp-json\/wp\/v2\/pages\/73699\/revisions"}],"predecessor-version":[{"id":73706,"href":"https:\/\/www.sohag-univ.edu.eg\/ar\/wp-json\/wp\/v2\/pages\/73699\/revisions\/73706"}],"wp:attachment":[{"href":"https:\/\/www.sohag-univ.edu.eg\/ar\/wp-json\/wp\/v2\/media?parent=73699"}],"curies":[{"name":"wp","href":"https:\/\/api.w.org\/{rel}","templated":true}]}}